{"id":16,"date":"2015-06-02T11:05:59","date_gmt":"2015-06-02T17:05:59","guid":{"rendered":"http:\/\/www.termohigrometrodigital.com\/blog\/?page_id=16"},"modified":"2015-06-09T15:57:16","modified_gmt":"2015-06-09T21:57:16","slug":"termohigrometro-con-certificado-de-calibracion","status":"publish","type":"page","link":"http:\/\/www.termohigrometrodigital.com\/blog\/","title":{"rendered":"Termohigr\u00f3metro con certificado de calibraci\u00f3n"},"content":{"rendered":"<h1 style=\"font-size: 24px;\">Termohigr\u00f3metro para farmacia y\u00a0laboratorio<\/h1>\n<p>El uso de un termohigr\u00f3metro en un laboratorio, farmacia o droguer\u00eda, almac\u00e9n, invernadero o cualquier otro establecimiento con la finalidad de conocer la humedad relativa y la temperatura ambiente al cual se est\u00e1 exponiendo un medicamento, biol\u00f3gico, reactivo o simplemente para el cultivo de plantas y hortalizas.<\/p>\n<p><a href=\"http:\/\/www.termohigrometrodigital.com\/blog\/wp-content\/uploads\/2015\/06\/Termohigr\u00f3metro-con-certificado-de-calibraci\u00f3n.jpg\"><img decoding=\"async\" loading=\"lazy\" class=\" size-full wp-image-18 aligncenter\" src=\"http:\/\/www.termohigrometrodigital.com\/blog\/wp-content\/uploads\/2015\/06\/Termohigr\u00f3metro-con-certificado-de-calibraci\u00f3n.jpg\" alt=\"Termohigr\u00f3metro con certificado de calibraci\u00f3n\" width=\"468\" height=\"60\" srcset=\"http:\/\/www.termohigrometrodigital.com\/blog\/wp-content\/uploads\/2015\/06\/Termohigr\u00f3metro-con-certificado-de-calibraci\u00f3n.jpg 468w, http:\/\/www.termohigrometrodigital.com\/blog\/wp-content\/uploads\/2015\/06\/Termohigr\u00f3metro-con-certificado-de-calibraci\u00f3n-300x38.jpg 300w\" sizes=\"(max-width: 468px) 100vw, 468px\" \/><\/a><\/p>\n<p>En <a href=\"http:\/\/www.termohigrometrodigital.com\">TD Insumos<\/a> adem\u00e1s de comercializar estos instrumentos de medici\u00f3n en diferentes marcas y modelos tambi\u00e9n ofrecemos el servicio de calibraci\u00f3n de termo higr\u00f3metro digital o an\u00e1logo otorgando en todo momento un informe de calibraci\u00f3n tambi\u00e9n conocido como certificado de calibraci\u00f3n.<\/p>\n<h2 style=\"font-size: 24px;\">Certifiado para COFEPRIS<\/h2>\n<p>El certificado de calibraci\u00f3n de un termohigr\u00f3metro es el documento que muestra la incertidumbre de este equipo, documento que debe ser mostrado a autoridades sanitarias como la <strong>COFEPRIS<\/strong> &#8211; COMISI\u00d3N FEDERAL PARA LA PROTECCI\u00d3N CONTRA RIESGOS SANITARIOS.<\/p>\n<p>En TD insumos enviamos su termohigr\u00f3metro totalmente gratis a cualquier estado de la Rep\u00fablica Mexicana, nuevo y totalmente calibrado.<\/p>\n<p><strong>Termohigr\u00f3metro con certificado de calibraci\u00f3n<\/strong> en <a href=\"http:\/\/www.termohigrometrodigital.com\/aguascalientes\/aguascalientes\/\">Aguascalientes<\/a>, <a href=\"http:\/\/www.termohigrometrodigital.com\/baja-california\/mexicali\/\">Baja California<\/a>, <a href=\"http:\/\/www.termohigrometrodigital.com\/baja-california-sur\/la-paz\/\">Baja California Sur<\/a>, <a href=\"http:\/\/www.termohigrometrodigital.com\/campeche\/campeche\/\">Campeche<\/a>, <a href=\"http:\/\/www.termohigrometrodigital.com\/chiapas\/tuxtla-gutierrez\/\">Chiapas<\/a>, <a href=\"http:\/\/www.termohigrometrodigital.com\/chihuahua\/chihuahua\/\">Chihuahua<\/a>, <a href=\"http:\/\/www.termohigrometrodigital.com\/coahuila\/saltillo\/\">Coahuila<\/a>, <a href=\"http:\/\/www.termohigrometrodigital.com\/colima\/manzanillo\/\">Colima<\/a>, <a href=\"http:\/\/www.termohigrometrodigital.com\/ciudad-de-mexico\/mexico\/\">Distrito Federal<\/a>, <a href=\"http:\/\/www.termohigrometrodigital.com\/durango\/durango\/\">Durango<\/a>, <a href=\"http:\/\/www.termohigrometrodigital.com\/mexico\/toluca\/\">Estado de M\u00e9xico<\/a>, <a href=\"http:\/\/www.termohigrometrodigital.com\/guanajuato\/guanajuato\/\">Guanajuato<\/a>, <a href=\"http:\/\/www.termohigrometrodigital.com\/guerrero\/chilpancingo\/\">Guerrero<\/a>, <a href=\"http:\/\/www.termohigrometrodigital.com\/hidalgo\/pachuca\/\">Hidalgo<\/a>, <a href=\"http:\/\/www.termohigrometrodigital.com\/jalisco\/guadalajara\/\">Jalisco<\/a>, <a href=\"http:\/\/www.termohigrometrodigital.com\/michoacan\/morelia\/\">Michoac\u00e1n<\/a>, <a href=\"http:\/\/www.termohigrometrodigital.com\/morelos\/cuernavaca\/\">Morelos<\/a>, <a href=\"http:\/\/www.termohigrometrodigital.com\/nayarit\/tepic\/\">Nayarit<\/a>, <a href=\"http:\/\/www.termohigrometrodigital.com\/nuevo-leon\/monterrey\/\">Nuevo Le\u00f3n<\/a>, <a href=\"http:\/\/www.termohigrometrodigital.com\/oaxaca\/oaxaca\/\">Oaxaca<\/a>, <a href=\"http:\/\/www.termohigrometrodigital.com\/puebla\/puebla\/\">Puebla<\/a>, <a href=\"http:\/\/www.termohigrometrodigital.com\/queretaro\/queretaro\/\">Quer\u00e9taro<\/a>, <a href=\"http:\/\/www.termohigrometrodigital.com\/quintana-roo\/chetumal\/\">Quintana Roo<\/a>, <a href=\"http:\/\/www.termohigrometrodigital.com\/san-luis-potosi\/san-luis-potosi\/\">San Luis Potos\u00ed<\/a>, <a href=\"http:\/\/www.termohigrometrodigital.com\/sinaloa\/culiacan\/\">Sinaloa<\/a>, <a href=\"http:\/\/www.termohigrometrodigital.com\/sonora\/hermosillo\/\">Sonora<\/a>, <a href=\"http:\/\/www.termohigrometrodigital.com\/tabasco\/villahermosa\/\">Tabasco<\/a>, <a href=\"http:\/\/www.termohigrometrodigital.com\/tamaulipas\/ciudad-victoria\/\">Tamaulipas<\/a>, <a href=\"http:\/\/www.termohigrometrodigital.com\/tlaxcala\/tlaxcala\/\">Tlaxcala<\/a>, <a href=\"http:\/\/www.termohigrometrodigital.com\/veracruz\/xalapa\/\">Veracruz<\/a>, <a href=\"http:\/\/www.termohigrometrodigital.com\/yucatan\/merida\/\">Yucat\u00e1n<\/a>, <a href=\"http:\/\/www.termohigrometrodigital.com\/zacatecas\/zacatecas\/\">Zacatecas<\/a><\/p>\n<p>Si usted desea conocer m\u00e1s sobre nuestros procesos de calibraci\u00f3n as\u00ed como nuestras certificaciones, marcas y modelos de termohigr\u00f3mero digital solo ll\u00e1menos de manera gratuita.<\/p>\n","protected":false},"excerpt":{"rendered":"<p>Termohigr\u00f3metro para farmacia y\u00a0laboratorio El uso de un termohigr\u00f3metro en un laboratorio, farmacia o droguer\u00eda, almac\u00e9n, invernadero o cualquier otro establecimiento con la finalidad de conocer la humedad relativa y la temperatura ambiente al cual se est\u00e1 exponiendo un medicamento, biol\u00f3gico, reactivo o simplemente para el cultivo de plantas y hortalizas. En TD Insumos adem\u00e1s [&hellip;]<\/p>\n","protected":false},"author":1,"featured_media":0,"parent":0,"menu_order":0,"comment_status":"open","ping_status":"open","template":"","meta":{"_mi_skip_tracking":false,"_monsterinsights_sitenote_active":false,"_monsterinsights_sitenote_note":"","_monsterinsights_sitenote_category":0},"yoast_head":"<!-- This site is optimized with the Yoast SEO plugin v20.12 - https:\/\/yoast.com\/wordpress\/plugins\/seo\/ -->\n<title>Termohigr\u00f3metro con certificado de calibraci\u00f3n<\/title>\n<meta name=\"description\" content=\"Termohigr\u00f3metro con certificado de calibraci\u00f3n ideal para farmacia, laboratorio, almac\u00e9n, certificado para COFEPRIS.\" \/>\n<meta name=\"robots\" content=\"index, follow, max-snippet:-1, max-image-preview:large, max-video-preview:-1\" \/>\n<link rel=\"canonical\" href=\"https:\/\/www.termohigrometrodigital.com\/blog\/\" \/>\n<meta property=\"og:locale\" content=\"es_MX\" \/>\n<meta property=\"og:type\" content=\"article\" \/>\n<meta property=\"og:title\" content=\"Termohigr\u00f3metro con certificado de calibraci\u00f3n\" \/>\n<meta property=\"og:description\" content=\"Termohigr\u00f3metro con certificado de calibraci\u00f3n ideal para farmacia, laboratorio, almac\u00e9n, certificado para COFEPRIS.\" \/>\n<meta property=\"og:url\" content=\"https:\/\/www.termohigrometrodigital.com\/blog\/\" \/>\n<meta property=\"og:site_name\" content=\"Termohigrometro Digital\" \/>\n<meta property=\"article:modified_time\" content=\"2015-06-09T21:57:16+00:00\" \/>\n<meta name=\"twitter:card\" content=\"summary_large_image\" \/>\n<meta name=\"twitter:label1\" content=\"Tiempo de lectura\" \/>\n\t<meta name=\"twitter:data1\" content=\"1 minuto\" \/>\n<script type=\"application\/ld+json\" class=\"yoast-schema-graph\">{\"@context\":\"https:\/\/schema.org\",\"@graph\":[{\"@type\":\"WebPage\",\"@id\":\"https:\/\/www.termohigrometrodigital.com\/blog\/\",\"url\":\"https:\/\/www.termohigrometrodigital.com\/blog\/\",\"name\":\"Termohigr\u00f3metro con certificado de calibraci\u00f3n\",\"isPartOf\":{\"@id\":\"https:\/\/www.termohigrometrodigital.com\/blog\/#website\"},\"datePublished\":\"2015-06-02T17:05:59+00:00\",\"dateModified\":\"2015-06-09T21:57:16+00:00\",\"description\":\"Termohigr\u00f3metro con certificado de calibraci\u00f3n ideal para farmacia, laboratorio, almac\u00e9n, certificado para COFEPRIS.\",\"breadcrumb\":{\"@id\":\"https:\/\/www.termohigrometrodigital.com\/blog\/#breadcrumb\"},\"inLanguage\":\"es-MX\",\"potentialAction\":[{\"@type\":\"ReadAction\",\"target\":[\"https:\/\/www.termohigrometrodigital.com\/blog\/\"]}]},{\"@type\":\"BreadcrumbList\",\"@id\":\"https:\/\/www.termohigrometrodigital.com\/blog\/#breadcrumb\",\"itemListElement\":[{\"@type\":\"ListItem\",\"position\":1,\"name\":\"Inicio\",\"item\":\"https:\/\/www.termohigrometrodigital.com\/blog\/\"},{\"@type\":\"ListItem\",\"position\":2,\"name\":\"Termohigr\u00f3metro con certificado de calibraci\u00f3n\"}]},{\"@type\":\"WebSite\",\"@id\":\"https:\/\/www.termohigrometrodigital.com\/blog\/#website\",\"url\":\"https:\/\/www.termohigrometrodigital.com\/blog\/\",\"name\":\"Termohigrometro Digital\",\"description\":\"Calibraci\u00f3n de Termohigrometros\",\"potentialAction\":[{\"@type\":\"SearchAction\",\"target\":{\"@type\":\"EntryPoint\",\"urlTemplate\":\"https:\/\/www.termohigrometrodigital.com\/blog\/?s={search_term_string}\"},\"query-input\":\"required name=search_term_string\"}],\"inLanguage\":\"es-MX\"}]}<\/script>\n<!-- \/ Yoast SEO plugin. -->","yoast_head_json":{"title":"Termohigr\u00f3metro con certificado de calibraci\u00f3n","description":"Termohigr\u00f3metro con certificado de calibraci\u00f3n ideal para farmacia, laboratorio, almac\u00e9n, certificado para COFEPRIS.","robots":{"index":"index","follow":"follow","max-snippet":"max-snippet:-1","max-image-preview":"max-image-preview:large","max-video-preview":"max-video-preview:-1"},"canonical":"https:\/\/www.termohigrometrodigital.com\/blog\/","og_locale":"es_MX","og_type":"article","og_title":"Termohigr\u00f3metro con certificado de calibraci\u00f3n","og_description":"Termohigr\u00f3metro con certificado de calibraci\u00f3n ideal para farmacia, laboratorio, almac\u00e9n, certificado para COFEPRIS.","og_url":"https:\/\/www.termohigrometrodigital.com\/blog\/","og_site_name":"Termohigrometro Digital","article_modified_time":"2015-06-09T21:57:16+00:00","twitter_card":"summary_large_image","twitter_misc":{"Tiempo de lectura":"1 minuto"},"schema":{"@context":"https:\/\/schema.org","@graph":[{"@type":"WebPage","@id":"https:\/\/www.termohigrometrodigital.com\/blog\/","url":"https:\/\/www.termohigrometrodigital.com\/blog\/","name":"Termohigr\u00f3metro con certificado de calibraci\u00f3n","isPartOf":{"@id":"https:\/\/www.termohigrometrodigital.com\/blog\/#website"},"datePublished":"2015-06-02T17:05:59+00:00","dateModified":"2015-06-09T21:57:16+00:00","description":"Termohigr\u00f3metro con certificado de calibraci\u00f3n ideal para farmacia, laboratorio, almac\u00e9n, certificado para COFEPRIS.","breadcrumb":{"@id":"https:\/\/www.termohigrometrodigital.com\/blog\/#breadcrumb"},"inLanguage":"es-MX","potentialAction":[{"@type":"ReadAction","target":["https:\/\/www.termohigrometrodigital.com\/blog\/"]}]},{"@type":"BreadcrumbList","@id":"https:\/\/www.termohigrometrodigital.com\/blog\/#breadcrumb","itemListElement":[{"@type":"ListItem","position":1,"name":"Inicio","item":"https:\/\/www.termohigrometrodigital.com\/blog\/"},{"@type":"ListItem","position":2,"name":"Termohigr\u00f3metro con certificado de calibraci\u00f3n"}]},{"@type":"WebSite","@id":"https:\/\/www.termohigrometrodigital.com\/blog\/#website","url":"https:\/\/www.termohigrometrodigital.com\/blog\/","name":"Termohigrometro Digital","description":"Calibraci\u00f3n de Termohigrometros","potentialAction":[{"@type":"SearchAction","target":{"@type":"EntryPoint","urlTemplate":"https:\/\/www.termohigrometrodigital.com\/blog\/?s={search_term_string}"},"query-input":"required name=search_term_string"}],"inLanguage":"es-MX"}]}},"_links":{"self":[{"href":"http:\/\/www.termohigrometrodigital.com\/blog\/wp-json\/wp\/v2\/pages\/16"}],"collection":[{"href":"http:\/\/www.termohigrometrodigital.com\/blog\/wp-json\/wp\/v2\/pages"}],"about":[{"href":"http:\/\/www.termohigrometrodigital.com\/blog\/wp-json\/wp\/v2\/types\/page"}],"author":[{"embeddable":true,"href":"http:\/\/www.termohigrometrodigital.com\/blog\/wp-json\/wp\/v2\/users\/1"}],"replies":[{"embeddable":true,"href":"http:\/\/www.termohigrometrodigital.com\/blog\/wp-json\/wp\/v2\/comments?post=16"}],"version-history":[{"count":10,"href":"http:\/\/www.termohigrometrodigital.com\/blog\/wp-json\/wp\/v2\/pages\/16\/revisions"}],"predecessor-version":[{"id":32,"href":"http:\/\/www.termohigrometrodigital.com\/blog\/wp-json\/wp\/v2\/pages\/16\/revisions\/32"}],"wp:attachment":[{"href":"http:\/\/www.termohigrometrodigital.com\/blog\/wp-json\/wp\/v2\/media?parent=16"}],"curies":[{"name":"wp","href":"https:\/\/api.w.org\/{rel}","templated":true}]}}