{"id":36,"date":"2015-10-21T18:53:16","date_gmt":"2015-10-22T00:53:16","guid":{"rendered":"http:\/\/www.termohigrometrodigital.com\/blog\/?page_id=36"},"modified":"2015-10-21T18:53:16","modified_gmt":"2015-10-22T00:53:16","slug":"termohigrometros-calibrados-con-certificado","status":"publish","type":"page","link":"http:\/\/www.termohigrometrodigital.com\/blog\/termohigrometros-calibrados-con-certificado\/","title":{"rendered":"Termohigrometros calibrados con certificado"},"content":{"rendered":"<h1 style=\"font-size: 24px;\">Termohigrometros calibrados<\/h1>\n<p><img decoding=\"async\" loading=\"lazy\" class=\"alignnone\" src=\"http:\/\/termohigrometrodigital.com\/images\/imedk-p48.gif\" alt=\"termohigrometro p48\" width=\"144\" height=\"182\" \/><img decoding=\"async\" loading=\"lazy\" class=\"alignnone\" src=\"http:\/\/termohigrometrodigital.com\/images\/termohigrometro-imedk-p47.gif\" alt=\"termohigrometro p47\" width=\"136\" height=\"136\" \/><img decoding=\"async\" loading=\"lazy\" class=\"alignnone\" src=\"http:\/\/termohigrometrodigital.com\/images\/termohigrometro-taylor-1523.gif\" alt=\"taylor 1523\" width=\"136\" height=\"136\" \/><\/p>\n<p><a href=\"http:\/\/www.termohigrometrodigital.com\/blog\/wp-content\/uploads\/2015\/06\/Termohigr\u00f3metro-con-certificado-de-calibraci\u00f3n.jpg\"><img decoding=\"async\" loading=\"lazy\" class=\"alignnone size-full wp-image-18\" src=\"http:\/\/www.termohigrometrodigital.com\/blog\/wp-content\/uploads\/2015\/06\/Termohigr\u00f3metro-con-certificado-de-calibraci\u00f3n.jpg\" alt=\"Termohigrometros calibrados con certificado\" width=\"468\" height=\"60\" srcset=\"http:\/\/www.termohigrometrodigital.com\/blog\/wp-content\/uploads\/2015\/06\/Termohigr\u00f3metro-con-certificado-de-calibraci\u00f3n.jpg 468w, http:\/\/www.termohigrometrodigital.com\/blog\/wp-content\/uploads\/2015\/06\/Termohigr\u00f3metro-con-certificado-de-calibraci\u00f3n-300x38.jpg 300w\" sizes=\"(max-width: 468px) 100vw, 468px\" \/><\/a><\/p>\n<p>En <strong>TD Insumos<\/strong> adem\u00e1s de ofrecer el servicio de calibraci\u00f3n de termohigr\u00f3metro digital o analogo tambi\u00e9n vendemos los instrumentos calibrados, estos equipos deben ser calibrados antes de su uso en alguna farmacia o laboratorio con el firme objetivo de conocer la incertidumbre del instrumento y saber que lo que se est\u00e1 midiendo se est\u00e1 midiendo de manera correcta.<\/p>\n<p><strong>Es importante<\/strong> saber que cualquier instrumento por nuevo que sea debe ser calibrado por una empresa seria y con todos los permisos, aunque existen modelos de instrumento que ostenten contar con un certificado de calibraci\u00f3n de f\u00e1brica no es v\u00e1lido de acuerdo a las leyes mexicanas.<\/p>\n<p>Contar con un <strong>termohigrometro con certificado de calibraci\u00f3n<\/strong> es muy sencillo, en nuestra empresa TD Insumos contamos con un amplio stock de instrumentos de entrega inmediata si usted requiere el servicio de calibraci\u00f3n de estos instrumentos un ingeniero especializado realizara la calibraci\u00f3n de equipo, al finalizar el servicio se emite un certificado de calibraci\u00f3n ver\u00eddico para hacer frente a cualquier auditoria de calidad o de alguna instituci\u00f3n gubernamental.<\/p>\n<p>Para nosotros es muy importante la satisfacci\u00f3n del cliente por ello contamos con este servicio en toda la Rep\u00fablica Mexicana.<\/p>\n<p>Si usted requiere <strong>termohigrometros calibrados<\/strong> con certificado para cualquier establecimiento simplemente ll\u00e1menos con gusto un operador lo asesora o lo \u00a0guiara a la compra del mejor modelo que mejor se adapte a sus necesidades.<\/p>\n<p><strong>Termohigr\u00f3metrs calibrados con certificado<\/strong>\u00a0en <a href=\"http:\/\/www.termohigrometrodigital.com\/aguascalientes\/aguascalientes\/\">Aguascalientes<\/a>, <a href=\"http:\/\/www.termohigrometrodigital.com\/baja-california\/mexicali\/\">Baja California<\/a>, <a href=\"http:\/\/www.termohigrometrodigital.com\/baja-california-sur\/la-paz\/\">Baja California Sur<\/a>, <a href=\"http:\/\/www.termohigrometrodigital.com\/campeche\/campeche\/\">Campeche<\/a>, <a href=\"http:\/\/www.termohigrometrodigital.com\/chiapas\/tuxtla-gutierrez\/\">Chiapas<\/a>, <a href=\"http:\/\/www.termohigrometrodigital.com\/chihuahua\/chihuahua\/\">Chihuahua<\/a>, <a href=\"http:\/\/www.termohigrometrodigital.com\/coahuila\/saltillo\/\">Coahuila<\/a>, <a href=\"http:\/\/www.termohigrometrodigital.com\/colima\/manzanillo\/\">Colima<\/a>, <a href=\"http:\/\/www.termohigrometrodigital.com\/ciudad-de-mexico\/mexico\/\">Distrito Federal<\/a>, <a href=\"http:\/\/www.termohigrometrodigital.com\/durango\/durango\/\">Durango<\/a>, <a href=\"http:\/\/www.termohigrometrodigital.com\/mexico\/toluca\/\">Estado de M\u00e9xico<\/a>, <a href=\"http:\/\/www.termohigrometrodigital.com\/guanajuato\/guanajuato\/\">Guanajuato<\/a>, <a href=\"http:\/\/www.termohigrometrodigital.com\/guerrero\/chilpancingo\/\">Guerrero<\/a>, <a href=\"http:\/\/www.termohigrometrodigital.com\/hidalgo\/pachuca\/\">Hidalgo<\/a>, <a href=\"http:\/\/www.termohigrometrodigital.com\/jalisco\/guadalajara\/\">Jalisco<\/a>, <a href=\"http:\/\/www.termohigrometrodigital.com\/michoacan\/morelia\/\">Michoac\u00e1n<\/a>, <a href=\"http:\/\/www.termohigrometrodigital.com\/morelos\/cuernavaca\/\">Morelos<\/a>, <a href=\"http:\/\/www.termohigrometrodigital.com\/nayarit\/tepic\/\">Nayarit<\/a>, <a href=\"http:\/\/www.termohigrometrodigital.com\/nuevo-leon\/monterrey\/\">Nuevo Le\u00f3n<\/a>, <a href=\"http:\/\/www.termohigrometrodigital.com\/oaxaca\/oaxaca\/\">Oaxaca<\/a>, <a href=\"http:\/\/www.termohigrometrodigital.com\/puebla\/puebla\/\">Puebla<\/a>, <a href=\"http:\/\/www.termohigrometrodigital.com\/queretaro\/queretaro\/\">Quer\u00e9taro<\/a>, <a href=\"http:\/\/www.termohigrometrodigital.com\/quintana-roo\/chetumal\/\">Quintana Roo<\/a>, <a href=\"http:\/\/www.termohigrometrodigital.com\/san-luis-potosi\/san-luis-potosi\/\">San Luis Potos\u00ed<\/a>, <a href=\"http:\/\/www.termohigrometrodigital.com\/sinaloa\/culiacan\/\">Sinaloa<\/a>, <a href=\"http:\/\/www.termohigrometrodigital.com\/sonora\/hermosillo\/\">Sonora<\/a>, <a href=\"http:\/\/www.termohigrometrodigital.com\/tabasco\/villahermosa\/\">Tabasco<\/a>, <a href=\"http:\/\/www.termohigrometrodigital.com\/tamaulipas\/ciudad-victoria\/\">Tamaulipas<\/a>, <a href=\"http:\/\/www.termohigrometrodigital.com\/tlaxcala\/tlaxcala\/\">Tlaxcala<\/a>, <a href=\"http:\/\/www.termohigrometrodigital.com\/veracruz\/xalapa\/\">Veracruz<\/a>, <a href=\"http:\/\/www.termohigrometrodigital.com\/yucatan\/merida\/\">Yucat\u00e1n<\/a>, <a href=\"http:\/\/www.termohigrometrodigital.com\/zacatecas\/zacatecas\/\">Zacatecas<\/a><\/p>\n<p>Adem\u00e1s contamos con excelentes precios y promociones para el termohigr\u00f3metro <a href=\"http:\/\/www.termohigrometrodigital.com\/ciudad-de-mexico\/mexico\/comprar-termohigrometro-taylor-1523-precio-mas-barato-en-ciudad-de-mexico\">Taylor 1523<\/a><\/p>\n","protected":false},"excerpt":{"rendered":"<p>Termohigrometros calibrados En TD Insumos adem\u00e1s de ofrecer el servicio de calibraci\u00f3n de termohigr\u00f3metro digital o analogo tambi\u00e9n vendemos los instrumentos calibrados, estos equipos deben ser calibrados antes de su uso en alguna farmacia o laboratorio con el firme objetivo de conocer la incertidumbre del instrumento y saber que lo que se est\u00e1 midiendo se [&hellip;]<\/p>\n","protected":false},"author":1,"featured_media":0,"parent":0,"menu_order":0,"comment_status":"open","ping_status":"open","template":"","meta":{"_mi_skip_tracking":false,"_monsterinsights_sitenote_active":false,"_monsterinsights_sitenote_note":"","_monsterinsights_sitenote_category":0},"yoast_head":"<!-- This site is optimized with the Yoast SEO plugin v20.12 - https:\/\/yoast.com\/wordpress\/plugins\/seo\/ -->\n<title>Termohigrometro con Certificado de Calibraci\u00f3n<\/title>\n<meta name=\"description\" content=\"Termohigrometro con certificado de calibraci\u00f3n env\u00edos en todo M\u00e9xico - Termohigrometros calibrados con certificado \u260e 01 800 269 1323\" \/>\n<meta name=\"robots\" content=\"index, follow, max-snippet:-1, max-image-preview:large, max-video-preview:-1\" \/>\n<link rel=\"canonical\" href=\"http:\/\/www.termohigrometrodigital.com\/blog\/termohigrometros-calibrados-con-certificado\/\" \/>\n<meta property=\"og:locale\" content=\"es_MX\" \/>\n<meta property=\"og:type\" content=\"article\" \/>\n<meta property=\"og:title\" content=\"Termohigrometro con Certificado de Calibraci\u00f3n\" \/>\n<meta property=\"og:description\" content=\"Termohigrometro con certificado de calibraci\u00f3n env\u00edos en todo M\u00e9xico - Termohigrometros calibrados con certificado \u260e 01 800 269 1323\" \/>\n<meta property=\"og:url\" content=\"http:\/\/www.termohigrometrodigital.com\/blog\/termohigrometros-calibrados-con-certificado\/\" \/>\n<meta property=\"og:site_name\" content=\"Termohigrometro Digital\" \/>\n<meta property=\"og:image\" content=\"http:\/\/termohigrometrodigital.com\/images\/imedk-p48.gif\" \/>\n<meta name=\"twitter:card\" content=\"summary_large_image\" \/>\n<meta name=\"twitter:label1\" content=\"Tiempo de lectura\" \/>\n\t<meta name=\"twitter:data1\" content=\"2 minutos\" \/>\n<script type=\"application\/ld+json\" class=\"yoast-schema-graph\">{\"@context\":\"https:\/\/schema.org\",\"@graph\":[{\"@type\":\"WebPage\",\"@id\":\"http:\/\/www.termohigrometrodigital.com\/blog\/termohigrometros-calibrados-con-certificado\/\",\"url\":\"http:\/\/www.termohigrometrodigital.com\/blog\/termohigrometros-calibrados-con-certificado\/\",\"name\":\"Termohigrometro con Certificado de Calibraci\u00f3n\",\"isPartOf\":{\"@id\":\"https:\/\/www.termohigrometrodigital.com\/blog\/#website\"},\"datePublished\":\"2015-10-22T00:53:16+00:00\",\"dateModified\":\"2015-10-22T00:53:16+00:00\",\"description\":\"Termohigrometro con certificado de calibraci\u00f3n env\u00edos en todo M\u00e9xico - Termohigrometros calibrados con certificado \u260e 01 800 269 1323\",\"breadcrumb\":{\"@id\":\"http:\/\/www.termohigrometrodigital.com\/blog\/termohigrometros-calibrados-con-certificado\/#breadcrumb\"},\"inLanguage\":\"es-MX\",\"potentialAction\":[{\"@type\":\"ReadAction\",\"target\":[\"http:\/\/www.termohigrometrodigital.com\/blog\/termohigrometros-calibrados-con-certificado\/\"]}]},{\"@type\":\"BreadcrumbList\",\"@id\":\"http:\/\/www.termohigrometrodigital.com\/blog\/termohigrometros-calibrados-con-certificado\/#breadcrumb\",\"itemListElement\":[{\"@type\":\"ListItem\",\"position\":1,\"name\":\"Inicio\",\"item\":\"https:\/\/www.termohigrometrodigital.com\/blog\/\"},{\"@type\":\"ListItem\",\"position\":2,\"name\":\"Termohigrometros calibrados con certificado\"}]},{\"@type\":\"WebSite\",\"@id\":\"https:\/\/www.termohigrometrodigital.com\/blog\/#website\",\"url\":\"https:\/\/www.termohigrometrodigital.com\/blog\/\",\"name\":\"Termohigrometro Digital\",\"description\":\"Calibraci\u00f3n de Termohigrometros\",\"potentialAction\":[{\"@type\":\"SearchAction\",\"target\":{\"@type\":\"EntryPoint\",\"urlTemplate\":\"https:\/\/www.termohigrometrodigital.com\/blog\/?s={search_term_string}\"},\"query-input\":\"required name=search_term_string\"}],\"inLanguage\":\"es-MX\"}]}<\/script>\n<!-- \/ Yoast SEO plugin. -->","yoast_head_json":{"title":"Termohigrometro con Certificado de Calibraci\u00f3n","description":"Termohigrometro con certificado de calibraci\u00f3n env\u00edos en todo M\u00e9xico - Termohigrometros calibrados con certificado \u260e 01 800 269 1323","robots":{"index":"index","follow":"follow","max-snippet":"max-snippet:-1","max-image-preview":"max-image-preview:large","max-video-preview":"max-video-preview:-1"},"canonical":"http:\/\/www.termohigrometrodigital.com\/blog\/termohigrometros-calibrados-con-certificado\/","og_locale":"es_MX","og_type":"article","og_title":"Termohigrometro con Certificado de Calibraci\u00f3n","og_description":"Termohigrometro con certificado de calibraci\u00f3n env\u00edos en todo M\u00e9xico - Termohigrometros calibrados con certificado \u260e 01 800 269 1323","og_url":"http:\/\/www.termohigrometrodigital.com\/blog\/termohigrometros-calibrados-con-certificado\/","og_site_name":"Termohigrometro Digital","og_image":[{"url":"http:\/\/termohigrometrodigital.com\/images\/imedk-p48.gif"}],"twitter_card":"summary_large_image","twitter_misc":{"Tiempo de lectura":"2 minutos"},"schema":{"@context":"https:\/\/schema.org","@graph":[{"@type":"WebPage","@id":"http:\/\/www.termohigrometrodigital.com\/blog\/termohigrometros-calibrados-con-certificado\/","url":"http:\/\/www.termohigrometrodigital.com\/blog\/termohigrometros-calibrados-con-certificado\/","name":"Termohigrometro con Certificado de Calibraci\u00f3n","isPartOf":{"@id":"https:\/\/www.termohigrometrodigital.com\/blog\/#website"},"datePublished":"2015-10-22T00:53:16+00:00","dateModified":"2015-10-22T00:53:16+00:00","description":"Termohigrometro con certificado de calibraci\u00f3n env\u00edos en todo M\u00e9xico - Termohigrometros calibrados con certificado \u260e 01 800 269 1323","breadcrumb":{"@id":"http:\/\/www.termohigrometrodigital.com\/blog\/termohigrometros-calibrados-con-certificado\/#breadcrumb"},"inLanguage":"es-MX","potentialAction":[{"@type":"ReadAction","target":["http:\/\/www.termohigrometrodigital.com\/blog\/termohigrometros-calibrados-con-certificado\/"]}]},{"@type":"BreadcrumbList","@id":"http:\/\/www.termohigrometrodigital.com\/blog\/termohigrometros-calibrados-con-certificado\/#breadcrumb","itemListElement":[{"@type":"ListItem","position":1,"name":"Inicio","item":"https:\/\/www.termohigrometrodigital.com\/blog\/"},{"@type":"ListItem","position":2,"name":"Termohigrometros calibrados con certificado"}]},{"@type":"WebSite","@id":"https:\/\/www.termohigrometrodigital.com\/blog\/#website","url":"https:\/\/www.termohigrometrodigital.com\/blog\/","name":"Termohigrometro Digital","description":"Calibraci\u00f3n de Termohigrometros","potentialAction":[{"@type":"SearchAction","target":{"@type":"EntryPoint","urlTemplate":"https:\/\/www.termohigrometrodigital.com\/blog\/?s={search_term_string}"},"query-input":"required name=search_term_string"}],"inLanguage":"es-MX"}]}},"_links":{"self":[{"href":"http:\/\/www.termohigrometrodigital.com\/blog\/wp-json\/wp\/v2\/pages\/36"}],"collection":[{"href":"http:\/\/www.termohigrometrodigital.com\/blog\/wp-json\/wp\/v2\/pages"}],"about":[{"href":"http:\/\/www.termohigrometrodigital.com\/blog\/wp-json\/wp\/v2\/types\/page"}],"author":[{"embeddable":true,"href":"http:\/\/www.termohigrometrodigital.com\/blog\/wp-json\/wp\/v2\/users\/1"}],"replies":[{"embeddable":true,"href":"http:\/\/www.termohigrometrodigital.com\/blog\/wp-json\/wp\/v2\/comments?post=36"}],"version-history":[{"count":3,"href":"http:\/\/www.termohigrometrodigital.com\/blog\/wp-json\/wp\/v2\/pages\/36\/revisions"}],"predecessor-version":[{"id":39,"href":"http:\/\/www.termohigrometrodigital.com\/blog\/wp-json\/wp\/v2\/pages\/36\/revisions\/39"}],"wp:attachment":[{"href":"http:\/\/www.termohigrometrodigital.com\/blog\/wp-json\/wp\/v2\/media?parent=36"}],"curies":[{"name":"wp","href":"https:\/\/api.w.org\/{rel}","templated":true}]}}